{"id":348,"date":"2020-09-23T07:58:47","date_gmt":"2020-09-23T07:58:47","guid":{"rendered":"https:\/\/gilreu.com\/product\/scentedbcandle\/"},"modified":"2025-10-23T09:48:20","modified_gmt":"2025-10-23T09:48:20","slug":"tgc106-tulip-sabonete-liquido","status":"publish","type":"product","link":"https:\/\/gilreu.com\/pt-pt\/produto\/tgc106-tulip-sabonete-liquido\/","title":{"rendered":"Sabonete l\u00edquido TGC106 Tulip"},"content":{"rendered":"","protected":false},"excerpt":{"rendered":"<p>Os \u00f3leos vegetais puros do sabonete org\u00e2nico Tulip Tangent GC deixam nas m\u00e3os um aroma doce e fresco, com notas de p\u00e9talas de flores tocadas pelo orvalho da manh\u00e3.<br \/>\nCom glicerina e \u00f3leo de am\u00eandoa.<\/p>\n<p>Org\u00e2nico e vegan.<br \/>\nN\u00e3o testado em animais.<br \/>\nLivre de corantes artificiais e conservantes.<\/p>\n<p><strong>Volume<\/strong>: 350 ml<\/p>\n<p><strong>Ingredientes<\/strong>:<br \/>\n\u00c1gua, Coco-Sulfato de S\u00f3dio, Cocamidopropil Beta\u00edna, Aloe Barbadensis, Glicerina, Cloreto de S\u00f3dio, Perfume, \u00c1cido C\u00edtrico, Benzoato de S\u00f3dio, Sorbato de Pot\u00e1ssio, Glutamato de Cocoil S\u00f3dio, Geraniol, Citronelol.<\/p>\n<p>Produzido em Fran\u00e7a<\/p>\n","protected":false},"featured_media":790,"template":"","meta":{"_acf_changed":false,"inline_featured_image":false},"product_brand":[],"product_cat":[36],"product_tag":[],"class_list":{"0":"post-348","1":"product","2":"type-product","3":"status-publish","4":"has-post-thumbnail","6":"product_cat-sem-categoria","8":"first","9":"instock","10":"taxable","11":"shipping-taxable","12":"purchasable","13":"product-type-simple"},"acf":[],"jetpack_sharing_enabled":true,"_links":{"self":[{"href":"https:\/\/gilreu.com\/pt-pt\/wp-json\/wp\/v2\/product\/348","targetHints":{"allow":["GET"]}}],"collection":[{"href":"https:\/\/gilreu.com\/pt-pt\/wp-json\/wp\/v2\/product"}],"about":[{"href":"https:\/\/gilreu.com\/pt-pt\/wp-json\/wp\/v2\/types\/product"}],"wp:featuredmedia":[{"embeddable":true,"href":"https:\/\/gilreu.com\/pt-pt\/wp-json\/wp\/v2\/media\/790"}],"wp:attachment":[{"href":"https:\/\/gilreu.com\/pt-pt\/wp-json\/wp\/v2\/media?parent=348"}],"wp:term":[{"taxonomy":"product_brand","embeddable":true,"href":"https:\/\/gilreu.com\/pt-pt\/wp-json\/wp\/v2\/product_brand?post=348"},{"taxonomy":"product_cat","embeddable":true,"href":"https:\/\/gilreu.com\/pt-pt\/wp-json\/wp\/v2\/product_cat?post=348"},{"taxonomy":"product_tag","embeddable":true,"href":"https:\/\/gilreu.com\/pt-pt\/wp-json\/wp\/v2\/product_tag?post=348"}],"curies":[{"name":"wp","href":"https:\/\/api.w.org\/{rel}","templated":true}]}}