{"id":359,"date":"2020-09-23T07:54:33","date_gmt":"2020-09-23T07:54:33","guid":{"rendered":"https:\/\/gilreu.com\/product\/travel-pouch\/"},"modified":"2025-10-23T09:55:45","modified_gmt":"2025-10-23T09:55:45","slug":"tgc401-oud-locao-corporal","status":"publish","type":"product","link":"https:\/\/gilreu.com\/pt-pt\/produto\/tgc401-oud-locao-corporal\/","title":{"rendered":"Lo\u00e7\u00e3o corporal TGC401 Oud"},"content":{"rendered":"","protected":false},"excerpt":{"rendered":"<p>A resina natural oferece um aroma amadeirado \u00e0 f\u00f3rmula rica da lo\u00e7\u00e3o Tangent GC. Desenvolvida com ingredientes naturais de agricultura biol\u00f3gica, hidrata profundamente a sua pele.<br \/>\nCom manteiga de karit\u00e9, girassol e hamam\u00e9lis.<\/p>\n<p>Org\u00e2nico e vegan.<br \/>\nN\u00e3o testado em animais.<br \/>\nLivre de corantes artificiais e conservantes.<\/p>\n<p><strong>Volume<\/strong>: 350 ml<\/p>\n<p><strong>Ingredientes<\/strong>:<br \/>\n\u00e1gua, triglicer\u00eddeo capr\u00edlico\/caprico, estearato de sorbitano, benzoato de alquil C12-15, manteiga de butyrospermum parkii, \u00e1lcool estear\u00edlico, glicerina, oleil erucate, cocoato de sacarose, \u00f3leo de semente de helianthus annuus, \u00e1gua de hamamelis virginiana, fenoxietanol, parfum, goma xantana, tocoferol, benzoico \u00c1cido, \u00c1cido Dehidroac\u00e9tico, \u00c1cido C\u00edtrico, Hexil Cinnamal, Linalol, Limoneno, Citronelol, Hidroxicitronelal, Sorbato de Pot\u00e1ssio, Benzoato de S\u00f3dio.<\/p>\n<p>Produzido na Su\u00e9cia.<\/p>\n","protected":false},"featured_media":810,"template":"","meta":{"_acf_changed":false,"inline_featured_image":false},"product_brand":[],"product_cat":[36],"product_tag":[],"class_list":{"0":"post-359","1":"product","2":"type-product","3":"status-publish","4":"has-post-thumbnail","6":"product_cat-sem-categoria","8":"first","9":"instock","10":"taxable","11":"shipping-taxable","12":"purchasable","13":"product-type-simple"},"acf":[],"jetpack_sharing_enabled":true,"_links":{"self":[{"href":"https:\/\/gilreu.com\/pt-pt\/wp-json\/wp\/v2\/product\/359","targetHints":{"allow":["GET"]}}],"collection":[{"href":"https:\/\/gilreu.com\/pt-pt\/wp-json\/wp\/v2\/product"}],"about":[{"href":"https:\/\/gilreu.com\/pt-pt\/wp-json\/wp\/v2\/types\/product"}],"wp:featuredmedia":[{"embeddable":true,"href":"https:\/\/gilreu.com\/pt-pt\/wp-json\/wp\/v2\/media\/810"}],"wp:attachment":[{"href":"https:\/\/gilreu.com\/pt-pt\/wp-json\/wp\/v2\/media?parent=359"}],"wp:term":[{"taxonomy":"product_brand","embeddable":true,"href":"https:\/\/gilreu.com\/pt-pt\/wp-json\/wp\/v2\/product_brand?post=359"},{"taxonomy":"product_cat","embeddable":true,"href":"https:\/\/gilreu.com\/pt-pt\/wp-json\/wp\/v2\/product_cat?post=359"},{"taxonomy":"product_tag","embeddable":true,"href":"https:\/\/gilreu.com\/pt-pt\/wp-json\/wp\/v2\/product_tag?post=359"}],"curies":[{"name":"wp","href":"https:\/\/api.w.org\/{rel}","templated":true}]}}