{"id":362,"date":"2020-09-23T07:40:57","date_gmt":"2020-09-23T07:40:57","guid":{"rendered":"https:\/\/gilreu.com\/product\/waffle-bathrobe\/"},"modified":"2025-10-22T17:47:53","modified_gmt":"2025-10-22T17:47:53","slug":"aventais-gilreu","status":"publish","type":"product","link":"https:\/\/gilreu.com\/pt-pt\/produto\/aventais-gilreu\/","title":{"rendered":"Avental Gilreu"},"content":{"rendered":"","protected":false},"excerpt":{"rendered":"<p>O design, o algod\u00e3o e o linho do avental Gilreu elevam o conceito de homewear.<\/p>\n<p><strong>Composi\u00e7\u00e3o<\/strong>: 55% algod\u00e3o, 45% linho<br \/>\n<strong>Cor<\/strong>: areia<br \/>\n<strong>Tamanhos<\/strong>: M e L<\/p>\n<p><strong>Cuidados<\/strong>:<\/p>\n<ul>\n<li>lavar \u00e0 m\u00e1quina m\u00e1ximo 30\u00bac centrifuga\u00e7\u00e3o curta;<\/li>\n<li>n\u00e3o utilizar lix\u00edvia \/ alvejante;<\/li>\n<li>passar a ferro m\u00e1ximo 110 \u00bac;<\/li>\n<li>n\u00e3o limpar a seco;<\/li>\n<li>n\u00e3o utilizar m\u00e1quina de secar.<\/li>\n<\/ul>\n<p>Produzido em Portugal.<\/p>\n","protected":false},"featured_media":825,"template":"","meta":{"_acf_changed":false,"inline_featured_image":false},"product_brand":[],"product_cat":[36],"product_tag":[],"class_list":{"0":"post-362","1":"product","2":"type-product","3":"status-publish","4":"has-post-thumbnail","6":"product_cat-sem-categoria","8":"first","9":"instock","10":"taxable","11":"shipping-taxable","12":"purchasable","13":"product-type-variable"},"acf":[],"jetpack_sharing_enabled":true,"_links":{"self":[{"href":"https:\/\/gilreu.com\/pt-pt\/wp-json\/wp\/v2\/product\/362","targetHints":{"allow":["GET"]}}],"collection":[{"href":"https:\/\/gilreu.com\/pt-pt\/wp-json\/wp\/v2\/product"}],"about":[{"href":"https:\/\/gilreu.com\/pt-pt\/wp-json\/wp\/v2\/types\/product"}],"wp:featuredmedia":[{"embeddable":true,"href":"https:\/\/gilreu.com\/pt-pt\/wp-json\/wp\/v2\/media\/825"}],"wp:attachment":[{"href":"https:\/\/gilreu.com\/pt-pt\/wp-json\/wp\/v2\/media?parent=362"}],"wp:term":[{"taxonomy":"product_brand","embeddable":true,"href":"https:\/\/gilreu.com\/pt-pt\/wp-json\/wp\/v2\/product_brand?post=362"},{"taxonomy":"product_cat","embeddable":true,"href":"https:\/\/gilreu.com\/pt-pt\/wp-json\/wp\/v2\/product_cat?post=362"},{"taxonomy":"product_tag","embeddable":true,"href":"https:\/\/gilreu.com\/pt-pt\/wp-json\/wp\/v2\/product_tag?post=362"}],"curies":[{"name":"wp","href":"https:\/\/api.w.org\/{rel}","templated":true}]}}