{"id":847,"date":"2023-09-19T12:09:33","date_gmt":"2023-09-19T12:09:33","guid":{"rendered":"https:\/\/gilreu.com\/product\/totebag\/"},"modified":"2025-10-23T09:27:14","modified_gmt":"2025-10-23T09:27:14","slug":"totebag","status":"publish","type":"product","link":"https:\/\/gilreu.com\/pt-pt\/produto\/totebag\/","title":{"rendered":"Tote bag Gilreu"},"content":{"rendered":"","protected":false},"excerpt":{"rendered":"<p>Desenhada para acompanhar qualquer estilo de vida, a tote bag Gilreu \u00e9 produzida em algod\u00e3o biol\u00f3gico, 310 g\/m2. As asas pr\u00e1ticas e resistentes permitem us\u00e1-lo todos os dias, em qualquer lugar.<\/p>\n<p><strong>Altura<\/strong>: 40cm<br \/>\n<strong>Largura<\/strong>: 41,5cm<br \/>\n<strong>Fundo<\/strong>: 12cm<\/p>\n","protected":false},"featured_media":844,"template":"","meta":{"_acf_changed":false,"inline_featured_image":false},"product_brand":[],"product_cat":[36],"product_tag":[],"class_list":{"0":"post-847","1":"product","2":"type-product","3":"status-publish","4":"has-post-thumbnail","6":"product_cat-sem-categoria","8":"first","9":"instock","10":"taxable","11":"shipping-taxable","12":"purchasable","13":"product-type-simple"},"acf":[],"jetpack_sharing_enabled":true,"_links":{"self":[{"href":"https:\/\/gilreu.com\/pt-pt\/wp-json\/wp\/v2\/product\/847","targetHints":{"allow":["GET"]}}],"collection":[{"href":"https:\/\/gilreu.com\/pt-pt\/wp-json\/wp\/v2\/product"}],"about":[{"href":"https:\/\/gilreu.com\/pt-pt\/wp-json\/wp\/v2\/types\/product"}],"wp:featuredmedia":[{"embeddable":true,"href":"https:\/\/gilreu.com\/pt-pt\/wp-json\/wp\/v2\/media\/844"}],"wp:attachment":[{"href":"https:\/\/gilreu.com\/pt-pt\/wp-json\/wp\/v2\/media?parent=847"}],"wp:term":[{"taxonomy":"product_brand","embeddable":true,"href":"https:\/\/gilreu.com\/pt-pt\/wp-json\/wp\/v2\/product_brand?post=847"},{"taxonomy":"product_cat","embeddable":true,"href":"https:\/\/gilreu.com\/pt-pt\/wp-json\/wp\/v2\/product_cat?post=847"},{"taxonomy":"product_tag","embeddable":true,"href":"https:\/\/gilreu.com\/pt-pt\/wp-json\/wp\/v2\/product_tag?post=847"}],"curies":[{"name":"wp","href":"https:\/\/api.w.org\/{rel}","templated":true}]}}